{"id":883,"date":"2025-12-19T00:14:43","date_gmt":"2025-12-19T00:14:43","guid":{"rendered":"https:\/\/speedwriting.ec\/wp\/?page_id=883"},"modified":"2025-12-19T00:14:44","modified_gmt":"2025-12-19T00:14:44","slug":"criolla-bonita","status":"publish","type":"page","link":"https:\/\/speedwriting.ec\/wp\/criolla-bonita\/","title":{"rendered":"Criolla Bonita"},"content":{"rendered":"\n<p>La Unidad Educativa Speedwriting participa en las Fiestas de Julio con la presentaci\u00f3n de Criolla Bonita, una expresi\u00f3n que resalta la tradici\u00f3n, elegancia y riqueza cultural de nuestra ciudad, rindiendo homenaje a las costumbres guayaquile\u00f1as.<\/p>\n\n\n\n<figure class=\"wp-block-gallery has-nested-images columns-default is-cropped wp-block-gallery-1 is-layout-flex wp-block-gallery-is-layout-flex\">\n<figure class=\"wp-block-image size-large\"><img loading=\"lazy\" decoding=\"async\" width=\"683\" height=\"1024\" data-id=\"887\" src=\"https:\/\/speedwriting.ec\/wp\/wp-content\/uploads\/2025\/12\/cr8-683x1024.jpg\" alt=\"\" class=\"wp-image-887\" srcset=\"https:\/\/speedwriting.ec\/wp\/wp-content\/uploads\/2025\/12\/cr8-683x1024.jpg 683w, https:\/\/speedwriting.ec\/wp\/wp-content\/uploads\/2025\/12\/cr8-200x300.jpg 200w, https:\/\/speedwriting.ec\/wp\/wp-content\/uploads\/2025\/12\/cr8-768x1152.jpg 768w, https:\/\/speedwriting.ec\/wp\/wp-content\/uploads\/2025\/12\/cr8-1024x1536.jpg 1024w, https:\/\/speedwriting.ec\/wp\/wp-content\/uploads\/2025\/12\/cr8.jpg 1365w\" sizes=\"auto, (max-width: 683px) 100vw, 683px\" \/><\/figure>\n\n\n\n<figure class=\"wp-block-image size-large\"><img loading=\"lazy\" decoding=\"async\" width=\"683\" height=\"1024\" data-id=\"889\" src=\"https:\/\/speedwriting.ec\/wp\/wp-content\/uploads\/2025\/12\/cr7-683x1024.jpg\" alt=\"\" class=\"wp-image-889\" srcset=\"https:\/\/speedwriting.ec\/wp\/wp-content\/uploads\/2025\/12\/cr7-683x1024.jpg 683w, https:\/\/speedwriting.ec\/wp\/wp-content\/uploads\/2025\/12\/cr7-200x300.jpg 200w, https:\/\/speedwriting.ec\/wp\/wp-content\/uploads\/2025\/12\/cr7-768x1152.jpg 768w, https:\/\/speedwriting.ec\/wp\/wp-content\/uploads\/2025\/12\/cr7-1024x1536.jpg 1024w, https:\/\/speedwriting.ec\/wp\/wp-content\/uploads\/2025\/12\/cr7.jpg 1365w\" sizes=\"auto, (max-width: 683px) 100vw, 683px\" \/><\/figure>\n\n\n\n<figure class=\"wp-block-image size-large\"><img loading=\"lazy\" decoding=\"async\" width=\"683\" height=\"1024\" data-id=\"890\" src=\"https:\/\/speedwriting.ec\/wp\/wp-content\/uploads\/2025\/12\/cr6-683x1024.jpg\" alt=\"\" class=\"wp-image-890\" srcset=\"https:\/\/speedwriting.ec\/wp\/wp-content\/uploads\/2025\/12\/cr6-683x1024.jpg 683w, https:\/\/speedwriting.ec\/wp\/wp-content\/uploads\/2025\/12\/cr6-200x300.jpg 200w, https:\/\/speedwriting.ec\/wp\/wp-content\/uploads\/2025\/12\/cr6-768x1152.jpg 768w, https:\/\/speedwriting.ec\/wp\/wp-content\/uploads\/2025\/12\/cr6-1024x1536.jpg 1024w, https:\/\/speedwriting.ec\/wp\/wp-content\/uploads\/2025\/12\/cr6.jpg 1365w\" sizes=\"auto, (max-width: 683px) 100vw, 683px\" \/><\/figure>\n\n\n\n<figure class=\"wp-block-image size-large\"><img loading=\"lazy\" decoding=\"async\" width=\"683\" height=\"1024\" data-id=\"884\" src=\"https:\/\/speedwriting.ec\/wp\/wp-content\/uploads\/2025\/12\/cr5-683x1024.jpg\" alt=\"\" class=\"wp-image-884\" srcset=\"https:\/\/speedwriting.ec\/wp\/wp-content\/uploads\/2025\/12\/cr5-683x1024.jpg 683w, https:\/\/speedwriting.ec\/wp\/wp-content\/uploads\/2025\/12\/cr5-200x300.jpg 200w, https:\/\/speedwriting.ec\/wp\/wp-content\/uploads\/2025\/12\/cr5-768x1152.jpg 768w, https:\/\/speedwriting.ec\/wp\/wp-content\/uploads\/2025\/12\/cr5-1024x1536.jpg 1024w, https:\/\/speedwriting.ec\/wp\/wp-content\/uploads\/2025\/12\/cr5.jpg 1365w\" sizes=\"auto, (max-width: 683px) 100vw, 683px\" \/><\/figure>\n\n\n\n<figure class=\"wp-block-image size-large\"><img loading=\"lazy\" decoding=\"async\" width=\"683\" height=\"1024\" data-id=\"886\" src=\"https:\/\/speedwriting.ec\/wp\/wp-content\/uploads\/2025\/12\/cr4-683x1024.jpg\" alt=\"\" class=\"wp-image-886\" srcset=\"https:\/\/speedwriting.ec\/wp\/wp-content\/uploads\/2025\/12\/cr4-683x1024.jpg 683w, https:\/\/speedwriting.ec\/wp\/wp-content\/uploads\/2025\/12\/cr4-200x300.jpg 200w, https:\/\/speedwriting.ec\/wp\/wp-content\/uploads\/2025\/12\/cr4-768x1152.jpg 768w, https:\/\/speedwriting.ec\/wp\/wp-content\/uploads\/2025\/12\/cr4-1024x1536.jpg 1024w, https:\/\/speedwriting.ec\/wp\/wp-content\/uploads\/2025\/12\/cr4.jpg 1365w\" sizes=\"auto, (max-width: 683px) 100vw, 683px\" \/><\/figure>\n\n\n\n<figure class=\"wp-block-image size-large\"><img loading=\"lazy\" decoding=\"async\" width=\"683\" height=\"1024\" data-id=\"885\" src=\"https:\/\/speedwriting.ec\/wp\/wp-content\/uploads\/2025\/12\/cr3-683x1024.jpg\" alt=\"\" class=\"wp-image-885\" srcset=\"https:\/\/speedwriting.ec\/wp\/wp-content\/uploads\/2025\/12\/cr3-683x1024.jpg 683w, https:\/\/speedwriting.ec\/wp\/wp-content\/uploads\/2025\/12\/cr3-200x300.jpg 200w, https:\/\/speedwriting.ec\/wp\/wp-content\/uploads\/2025\/12\/cr3-768x1152.jpg 768w, https:\/\/speedwriting.ec\/wp\/wp-content\/uploads\/2025\/12\/cr3-1024x1536.jpg 1024w, https:\/\/speedwriting.ec\/wp\/wp-content\/uploads\/2025\/12\/cr3.jpg 1365w\" sizes=\"auto, (max-width: 683px) 100vw, 683px\" \/><\/figure>\n\n\n\n<figure class=\"wp-block-image size-large\"><img loading=\"lazy\" decoding=\"async\" width=\"683\" height=\"1024\" data-id=\"888\" src=\"https:\/\/speedwriting.ec\/wp\/wp-content\/uploads\/2025\/12\/cr2-683x1024.jpg\" alt=\"\" class=\"wp-image-888\" srcset=\"https:\/\/speedwriting.ec\/wp\/wp-content\/uploads\/2025\/12\/cr2-683x1024.jpg 683w, https:\/\/speedwriting.ec\/wp\/wp-content\/uploads\/2025\/12\/cr2-200x300.jpg 200w, https:\/\/speedwriting.ec\/wp\/wp-content\/uploads\/2025\/12\/cr2-768x1152.jpg 768w, https:\/\/speedwriting.ec\/wp\/wp-content\/uploads\/2025\/12\/cr2-1024x1536.jpg 1024w, https:\/\/speedwriting.ec\/wp\/wp-content\/uploads\/2025\/12\/cr2.jpg 1365w\" sizes=\"auto, (max-width: 683px) 100vw, 683px\" \/><\/figure>\n\n\n\n<figure class=\"wp-block-image size-large\"><img loading=\"lazy\" decoding=\"async\" width=\"683\" height=\"1024\" data-id=\"891\" src=\"https:\/\/speedwriting.ec\/wp\/wp-content\/uploads\/2025\/12\/cr1-683x1024.jpg\" alt=\"\" class=\"wp-image-891\" srcset=\"https:\/\/speedwriting.ec\/wp\/wp-content\/uploads\/2025\/12\/cr1-683x1024.jpg 683w, https:\/\/speedwriting.ec\/wp\/wp-content\/uploads\/2025\/12\/cr1-200x300.jpg 200w, https:\/\/speedwriting.ec\/wp\/wp-content\/uploads\/2025\/12\/cr1-768x1152.jpg 768w, https:\/\/speedwriting.ec\/wp\/wp-content\/uploads\/2025\/12\/cr1-1024x1536.jpg 1024w, https:\/\/speedwriting.ec\/wp\/wp-content\/uploads\/2025\/12\/cr1.jpg 1365w\" sizes=\"auto, (max-width: 683px) 100vw, 683px\" \/><\/figure>\n<\/figure>\n","protected":false},"excerpt":{"rendered":"<p>La Unidad Educativa Speedwriting participa en las Fiestas de Julio con la presentaci\u00f3n de Criolla Bonita, una expresi\u00f3n que resalta la tradici\u00f3n, elegancia y riqueza cultural de nuestra ciudad, rindiendo homenaje a<a class=\"moretag\" href=\"https:\/\/speedwriting.ec\/wp\/criolla-bonita\/\">Read More&#8230;<\/a><\/p>\n","protected":false},"author":1,"featured_media":0,"parent":0,"menu_order":0,"comment_status":"closed","ping_status":"closed","template":"","meta":{"footnotes":""},"class_list":["post-883","page","type-page","status-publish","hentry"],"_links":{"self":[{"href":"https:\/\/speedwriting.ec\/wp\/wp-json\/wp\/v2\/pages\/883","targetHints":{"allow":["GET"]}}],"collection":[{"href":"https:\/\/speedwriting.ec\/wp\/wp-json\/wp\/v2\/pages"}],"about":[{"href":"https:\/\/speedwriting.ec\/wp\/wp-json\/wp\/v2\/types\/page"}],"author":[{"embeddable":true,"href":"https:\/\/speedwriting.ec\/wp\/wp-json\/wp\/v2\/users\/1"}],"replies":[{"embeddable":true,"href":"https:\/\/speedwriting.ec\/wp\/wp-json\/wp\/v2\/comments?post=883"}],"version-history":[{"count":1,"href":"https:\/\/speedwriting.ec\/wp\/wp-json\/wp\/v2\/pages\/883\/revisions"}],"predecessor-version":[{"id":892,"href":"https:\/\/speedwriting.ec\/wp\/wp-json\/wp\/v2\/pages\/883\/revisions\/892"}],"wp:attachment":[{"href":"https:\/\/speedwriting.ec\/wp\/wp-json\/wp\/v2\/media?parent=883"}],"curies":[{"name":"wp","href":"https:\/\/api.w.org\/{rel}","templated":true}]}}